{"id":961,"date":"2021-12-30T17:26:13","date_gmt":"2021-12-30T17:26:13","guid":{"rendered":"https:\/\/accelperiberia.com\/?page_id=961"},"modified":"2022-03-25T11:37:31","modified_gmt":"2022-03-25T11:37:31","slug":"auto-avaliacao-digitalizacao","status":"publish","type":"page","link":"https:\/\/accelperiberia.com\/?page_id=961","title":{"rendered":"Auto-Avalia\u00e7\u00e3o: Digitaliza\u00e7\u00e3o"},"content":{"rendered":"","protected":false},"excerpt":{"rendered":"","protected":false},"author":3,"featured_media":302,"parent":0,"menu_order":0,"comment_status":"closed","ping_status":"closed","template":"","meta":[],"_links":{"self":[{"href":"https:\/\/accelperiberia.com\/index.php?rest_route=\/wp\/v2\/pages\/961"}],"collection":[{"href":"https:\/\/accelperiberia.com\/index.php?rest_route=\/wp\/v2\/pages"}],"about":[{"href":"https:\/\/accelperiberia.com\/index.php?rest_route=\/wp\/v2\/types\/page"}],"author":[{"embeddable":true,"href":"https:\/\/accelperiberia.com\/index.php?rest_route=\/wp\/v2\/users\/3"}],"replies":[{"embeddable":true,"href":"https:\/\/accelperiberia.com\/index.php?rest_route=%2Fwp%2Fv2%2Fcomments&post=961"}],"version-history":[{"count":1,"href":"https:\/\/accelperiberia.com\/index.php?rest_route=\/wp\/v2\/pages\/961\/revisions"}],"predecessor-version":[{"id":962,"href":"https:\/\/accelperiberia.com\/index.php?rest_route=\/wp\/v2\/pages\/961\/revisions\/962"}],"wp:featuredmedia":[{"embeddable":true,"href":"https:\/\/accelperiberia.com\/index.php?rest_route=\/wp\/v2\/media\/302"}],"wp:attachment":[{"href":"https:\/\/accelperiberia.com\/index.php?rest_route=%2Fwp%2Fv2%2Fmedia&parent=961"}],"curies":[{"name":"wp","href":"https:\/\/api.w.org\/{rel}","templated":true}]}}