{"id":926,"date":"2021-11-23T21:21:13","date_gmt":"2021-11-23T21:21:13","guid":{"rendered":"https:\/\/accelperiberia.com\/?page_id=926"},"modified":"2021-11-23T21:22:42","modified_gmt":"2021-11-23T21:22:42","slug":"transicao-energetica","status":"publish","type":"page","link":"https:\/\/accelperiberia.com\/?page_id=926","title":{"rendered":"Transi\u00e7\u00e3o Energ\u00e9tica"},"content":{"rendered":"","protected":false},"excerpt":{"rendered":"","protected":false},"author":3,"featured_media":302,"parent":0,"menu_order":0,"comment_status":"closed","ping_status":"closed","template":"","meta":[],"_links":{"self":[{"href":"https:\/\/accelperiberia.com\/index.php?rest_route=\/wp\/v2\/pages\/926"}],"collection":[{"href":"https:\/\/accelperiberia.com\/index.php?rest_route=\/wp\/v2\/pages"}],"about":[{"href":"https:\/\/accelperiberia.com\/index.php?rest_route=\/wp\/v2\/types\/page"}],"author":[{"embeddable":true,"href":"https:\/\/accelperiberia.com\/index.php?rest_route=\/wp\/v2\/users\/3"}],"replies":[{"embeddable":true,"href":"https:\/\/accelperiberia.com\/index.php?rest_route=%2Fwp%2Fv2%2Fcomments&post=926"}],"version-history":[{"count":2,"href":"https:\/\/accelperiberia.com\/index.php?rest_route=\/wp\/v2\/pages\/926\/revisions"}],"predecessor-version":[{"id":932,"href":"https:\/\/accelperiberia.com\/index.php?rest_route=\/wp\/v2\/pages\/926\/revisions\/932"}],"wp:featuredmedia":[{"embeddable":true,"href":"https:\/\/accelperiberia.com\/index.php?rest_route=\/wp\/v2\/media\/302"}],"wp:attachment":[{"href":"https:\/\/accelperiberia.com\/index.php?rest_route=%2Fwp%2Fv2%2Fmedia&parent=926"}],"curies":[{"name":"wp","href":"https:\/\/api.w.org\/{rel}","templated":true}]}}